{"id":1899,"date":"2025-09-18T18:05:14","date_gmt":"2025-09-18T16:05:14","guid":{"rendered":"https:\/\/lilia-lb.com\/?page_id=1899"},"modified":"2025-10-27T11:29:58","modified_gmt":"2025-10-27T10:29:58","slug":"rechtliches","status":"publish","type":"page","link":"https:\/\/lilia-lb.com\/de\/rechtliches\/","title":{"rendered":"Rechtliches"},"content":{"rendered":"\t\t<div data-elementor-type=\"wp-page\" data-elementor-id=\"1899\" class=\"elementor elementor-1899\" data-elementor-post-type=\"page\">\n\t\t\t\t<div class=\"elementor-element elementor-element-fc5b1e3 e-flex e-con-boxed e-con e-parent\" data-id=\"fc5b1e3\" data-element_type=\"container\" data-e-type=\"container\">\n\t\t\t\t\t<div class=\"e-con-inner\">\n\t\t\t\t<div class=\"elementor-element elementor-element-61cb741 elementor-widget elementor-widget-html\" data-id=\"61cb741\" data-element_type=\"widget\" data-e-type=\"widget\" data-widget_type=\"html.default\">\n\t\t\t\t\t<!-- ========= Rechtliches \u2013 Hauptseite (mit Cookies + Keyfacts) ========= -->\n<section class=\"legal-wrap\" aria-labelledby=\"legal-h1\">\n\n  <!-- Hero -->\n  <header class=\"legal-hero\">\n    <h1 id=\"legal-h1\"\n        data-de=\"Rechtliches \u2013 Transparenz & Vertrauen\"\n        data-ru=\"\u041f\u0440\u0430\u0432\u043e\u0432\u0430\u044f \u0438\u043d\u0444\u043e\u0440\u043c\u0430\u0446\u0438\u044f \u2013 \u043f\u0440\u043e\u0437\u0440\u0430\u0447\u043d\u043e\u0441\u0442\u044c \u0438 \u0434\u043e\u0432\u0435\u0440\u0438\u0435\">\n      Rechtliches \u2013 Transparenz & Vertrauen\n    <\/h1>\n    <p data-de=\"Hier findest du alle rechtlich relevanten Informationen: Impressum, AGB, Datenschutzerkl\u00e4rung, Cookie-Hinweise und Kontakt. F\u00fcr Klarheit, Sicherheit und Vertrauen.\"\n       data-ru=\"\u0417\u0434\u0435\u0441\u044c \u0432\u044b \u043d\u0430\u0439\u0434\u0451\u0442\u0435 \u0432\u0441\u044e \u044e\u0440\u0438\u0434\u0438\u0447\u0435\u0441\u043a\u0443\u044e \u0438\u043d\u0444\u043e\u0440\u043c\u0430\u0446\u0438\u044e: \u0418\u043c\u043f\u0440\u0435\u0441\u0441\u0443\u043c, \u043e\u0431\u0449\u0438\u0435 \u0443\u0441\u043b\u043e\u0432\u0438\u044f, \u043f\u043e\u043b\u0438\u0442\u0438\u043a\u0443 \u043a\u043e\u043d\u0444\u0438\u0434\u0435\u043d\u0446\u0438\u0430\u043b\u044c\u043d\u043e\u0441\u0442\u0438, \u0441\u0432\u0435\u0434\u0435\u043d\u0438\u044f \u043e cookies \u0438 \u043a\u043e\u043d\u0442\u0430\u043a\u0442. \u0414\u043b\u044f \u044f\u0441\u043d\u043e\u0441\u0442\u0438, \u0431\u0435\u0437\u043e\u043f\u0430\u0441\u043d\u043e\u0441\u0442\u0438 \u0438 \u0434\u043e\u0432\u0435\u0440\u0438\u044f.\">\n      Hier findest du alle rechtlich relevanten Informationen: Impressum, AGB, Datenschutzerkl\u00e4rung, Cookie-Hinweise und Kontakt. F\u00fcr Klarheit, Sicherheit und Vertrauen.\n    <\/p>\n  <\/header>\n<!-- ========= Breadcrumb \u00b7 DE \u00b7 Rechtliches (\u00dcbersichtsseite) ========= -->\n<nav class=\"lx-breadcrumb\" aria-label=\"Brotkrumen\">\n  <ol>\n    <li><a href=\"\/de\/\" data-evt=\"bc\" data-wpml=\"bc\">Start<\/a><\/li>\n    <li aria-current=\"page\">Rechtliches<\/li>\n  <\/ol>\n<\/nav>\n\n<style>\n.lx-breadcrumb{max-width:1100px;margin:8px auto 4px;color:#475569;font-size:14px}\n.lx-breadcrumb ol{display:flex;flex-wrap:wrap;gap:8px;list-style:none;padding:0;margin:0}\n.lx-breadcrumb li{display:flex;align-items:center;gap:8px}\n.lx-breadcrumb li+li:before{content:\"\u203a\";opacity:.6}\n.lx-breadcrumb a{color:#475569;text-decoration:none}\n.lx-breadcrumb a:hover{color:#a31244}\n<\/style>\n\n<script>\n\/* WPML: relative Breadcrumb-Links auf aktuelle Sprache pr\u00e4fixen *\/\n(function(){\n  var lang = (location.pathname.split('\/').filter(Boolean)[0]||'').toLowerCase();\n  if(!lang) return;\n  document.querySelectorAll('.lx-breadcrumb [data-wpml=\"bc\"]').forEach(function(a){\n    var href=a.getAttribute('href')||'';\n    if(\/^https?:\/i.test(href)) return;\n    var seg = href.replace(\/^\\\/\/,'').split('\/')[0];\n    if(seg!==lang){\n      var clean = href.startsWith('\/')? href.slice(1):href;\n      a.setAttribute('href','\/'+lang+'\/'+clean);\n    }\n  });\n})();\n\n\/* Breadcrumb JSON-LD aus DOM erzeugen *\/\n(function(){\n  var bc=document.querySelector('.lx-breadcrumb ol'); if(!bc) return;\n  var items=[], i=1;\n  bc.querySelectorAll('li').forEach(function(li){\n    var a=li.querySelector('a');\n    var name=(a?a.textContent:li.textContent).trim();\n    var url=a? a.href : location.href.split('#')[0];\n    items.push({\"@type\":\"ListItem\",\"position\":i++,\"name\":name,\"item\":url});\n  });\n  var ld={\"@context\":\"https:\/\/schema.org\",\"@type\":\"BreadcrumbList\",\"itemListElement\":items};\n  var s=document.createElement('script'); s.type='application\/ld+json'; s.textContent=JSON.stringify(ld);\n  document.head.appendChild(s);\n})();\n<\/script>\n<!-- ========= Ende Breadcrumb \u00b7 DE \u00b7 Rechtliches ========= -->\n\n  <!-- Kacheln -->\n  <section class=\"legal-grid\" aria-label=\"Rechtliche Inhalte\">\n\n    <!-- Impressum -->\n    <a class=\"legal-card\"\n       href=\"\/de\/impressum\/\"\n       data-label-de=\"Impressum\" data-label-ru=\"\u0418\u043c\u043f\u0440\u0435\u0441\u0441\u0443\u043c\"\n       data-desc-de=\"Verantwortliche Angaben & Kontakt zur Betreiberin dieser Website.\"\n       data-desc-ru=\"\u041e\u0442\u0432\u0435\u0442\u0441\u0442\u0432\u0435\u043d\u043d\u044b\u0435 \u0434\u0430\u043d\u043d\u044b\u0435 \u0438 \u043a\u043e\u043d\u0442\u0430\u043a\u0442 \u0432\u043b\u0430\u0434\u0435\u043b\u044c\u0446\u0430 \u0441\u0430\u0439\u0442\u0430.\"\n       data-href-de=\"\/de\/impressum\/\" data-href-ru=\"\/ru\/impressum\/\">\n      <h3 class=\"legal-title\">Impressum<\/h3>\n      <p class=\"legal-desc\">Verantwortliche Angaben & Kontakt zur Betreiberin dieser Website.<\/p>\n    <\/a>\n\n    <!-- AGB -->\n    <a class=\"legal-card\"\n       href=\"\/de\/agbs\/\"\n       data-label-de=\"AGB\" data-label-ru=\"\u0423\u0441\u043b\u043e\u0432\u0438\u044f \u0438\u0441\u043f\u043e\u043b\u044c\u0437\u043e\u0432\u0430\u043d\u0438\u044f\"\n       data-desc-de=\"Allgemeine Gesch\u00e4ftsbedingungen f\u00fcr Transparenz und Fairness.\"\n       data-desc-ru=\"\u041e\u0431\u0449\u0438\u0435 \u0443\u0441\u043b\u043e\u0432\u0438\u044f \u0434\u043b\u044f \u043f\u0440\u043e\u0437\u0440\u0430\u0447\u043d\u043e\u0441\u0442\u0438 \u0438 \u0447\u0435\u0441\u0442\u043d\u043e\u0441\u0442\u0438.\"\n       data-href-de=\"\/de\/agbs\/\" data-href-ru=\"\/ru\/agbs\/\">\n      <h3 class=\"legal-title\">AGB<\/h3>\n      <p class=\"legal-desc\">Allgemeine Gesch\u00e4ftsbedingungen f\u00fcr Transparenz und Fairness.<\/p>\n    <\/a>\n\n    <!-- Datenschutz -->\n    <a class=\"legal-card\"\n       href=\"\/de\/datenschutzerklaerung\/\"\n       data-label-de=\"Datenschutzerkl\u00e4rung\" data-label-ru=\"\u041f\u043e\u043b\u0438\u0442\u0438\u043a\u0430 \u043a\u043e\u043d\u0444\u0438\u0434\u0435\u043d\u0446\u0438\u0430\u043b\u044c\u043d\u043e\u0441\u0442\u0438\"\n       data-desc-de=\"Wie wir mit deinen Daten umgehen: klar, sicher und DSGVO-konform.\"\n       data-desc-ru=\"\u041a\u0430\u043a \u043c\u044b \u043e\u0431\u0440\u0430\u0431\u0430\u0442\u044b\u0432\u0430\u0435\u043c \u0432\u0430\u0448\u0438 \u0434\u0430\u043d\u043d\u044b\u0435: \u044f\u0441\u043d\u043e, \u0431\u0435\u0437\u043e\u043f\u0430\u0441\u043d\u043e \u0438 \u0441\u043e\u0433\u043b\u0430\u0441\u043d\u043e GDPR.\"\n       data-href-de=\"\/de\/datenschutzerklaerung\/\" data-href-ru=\"\/ru\/politika-konfidencialnosti\/\">\n      <h3 class=\"legal-title\">Datenschutzerkl\u00e4rung<\/h3>\n      <p class=\"legal-desc\">Wie wir mit deinen Daten umgehen: klar, sicher und DSGVO-konform.<\/p>\n    <\/a>\n\n    <!-- Cookie-Hinweise -->\n    <a class=\"legal-card\"\n       href=\"\/de\/cookie-hinweise\/\"\n       data-label-de=\"Cookie-Hinweise\" data-label-ru=\"\u0421\u0432\u0435\u0434\u0435\u043d\u0438\u044f \u043e cookies\"\n       data-desc-de=\"Welche Cookies wir einsetzen & wie du deine Auswahl steuerst.\"\n       data-desc-ru=\"\u041a\u0430\u043a\u0438\u0435 cookies \u0438\u0441\u043f\u043e\u043b\u044c\u0437\u0443\u044e\u0442\u0441\u044f \u0438 \u043a\u0430\u043a \u0443\u043f\u0440\u0430\u0432\u043b\u044f\u0442\u044c \u0432\u044b\u0431\u043e\u0440\u043e\u043c.\"\n       data-href-de=\"\/de\/cookie-hinweise\/\" data-href-ru=\"\/ru\/cookie-hinweise\/\">\n      <h3 class=\"legal-title\">Cookie-Hinweise<\/h3>\n      <p class=\"legal-desc\">Welche Cookies wir einsetzen & wie du deine Auswahl steuerst.<\/p>\n    <\/a>\n\n    <!-- Kontakt -->\n    <a class=\"legal-card\"\n       href=\"\/de\/kontakt\/\"\n       data-label-de=\"Kontakt\" data-label-ru=\"\u041a\u043e\u043d\u0442\u0430\u043a\u0442\"\n       data-desc-de=\"Fragen? Hier erreichst du mich direkt und pers\u00f6nlich.\"\n       data-desc-ru=\"\u0412\u043e\u043f\u0440\u043e\u0441\u044b? \u0417\u0434\u0435\u0441\u044c \u0432\u044b \u043c\u043e\u0436\u0435\u0442\u0435 \u0441\u0432\u044f\u0437\u0430\u0442\u044c\u0441\u044f \u0441\u043e \u043c\u043d\u043e\u0439 \u043d\u0430\u043f\u0440\u044f\u043c\u0443\u044e.\"\n       data-href-de=\"\/de\/kontakt\/\" data-href-ru=\"\/ru\/kontakt\/\">\n      <h3 class=\"legal-title\">Kontakt<\/h3>\n      <p class=\"legal-desc\">Fragen? Hier erreichst du mich direkt und pers\u00f6nlich.<\/p>\n    <\/a>\n\n  <\/section>\n\n  <!-- Keyfacts \/ Vertrauenshinweise -->\n  <section class=\"legal-note\" aria-label=\"Keyfacts Datenschutz & Seriosit\u00e4t\">\n    <ul class=\"keyfacts\">\n      <li>\n        <strong>Keine Datenweitergabe<\/strong><br>\n        Wir verkaufen oder vermieten keine personenbezogenen Daten. Eine Weitergabe an Dritte erfolgt nur, wenn es gesetzlich erforderlich ist oder du ausdr\u00fccklich zugestimmt hast.\n      <\/li>\n      <li>\n        <strong>Minimalprinzip<\/strong><br>\n        Wir verarbeiten nur die Daten, die f\u00fcr Beratung, Kontakt und Abwicklung n\u00f6tig sind \u2013 nicht mehr.\n      <\/li>\n      <li>\n        <strong>Aufbewahrung & L\u00f6schung<\/strong><br>\n        Personenbezogene Daten werden nur so lange gespeichert, wie es f\u00fcr Beratung und gesetzliche Pflichten (z. B. steuerliche Aufbewahrung) erforderlich ist. Danach werden sie gel\u00f6scht bzw. anonymisiert.\n      <\/li>\n      <li>\n        <strong>Deine Kontrolle<\/strong><br>\n        Du kannst Auskunft, Berichtigung, L\u00f6schung, Einschr\u00e4nkung oder Widerspruch verlangen \u2013 Details in der <a href=\"\/de\/datenschutzerklaerung\/\">Datenschutzerkl\u00e4rung<\/a>.\n      <\/li>\n      <li>\n        <strong>Cookies mit Einwilligung<\/strong><br>\n        Nicht notwendige Cookies setzen wir nur mit deiner Zustimmung. Deine Auswahl kannst du jederzeit \u00fcber \u201eCookie-Einstellungen\u201c im Footer \u00e4ndern.\n      <\/li>\n    <\/ul>\n  <\/section>\n\n  <!-- Abschluss-CTA -->\n  <section class=\"legal-cta\">\n    <h2 data-de=\"Noch Fragen zu rechtlichen Themen?\" data-ru=\"\u041e\u0441\u0442\u0430\u043b\u0438\u0441\u044c \u0432\u043e\u043f\u0440\u043e\u0441\u044b \u043f\u043e \u043f\u0440\u0430\u0432\u043e\u0432\u043e\u0439 \u0438\u043d\u0444\u043e\u0440\u043c\u0430\u0446\u0438\u0438?\">\n      Noch Fragen zu rechtlichen Themen?\n    <\/h2>\n    <p data-de=\"Ich beantworte deine Fragen gerne pers\u00f6nlich und transparent.\"\n       data-ru=\"\u042f \u0441 \u0440\u0430\u0434\u043e\u0441\u0442\u044c\u044e \u043e\u0442\u0432\u0435\u0447\u0443 \u043d\u0430 \u0432\u0430\u0448\u0438 \u0432\u043e\u043f\u0440\u043e\u0441\u044b \u043b\u0438\u0447\u043d\u043e \u0438 \u043f\u0440\u043e\u0437\u0440\u0430\u0447\u043d\u043e.\">\n      Ich beantworte deine Fragen gerne pers\u00f6nlich und transparent.\n    <\/p>\n    <a class=\"legal-btn\"\n       data-href-de=\"\/de\/kontakt\/\" data-href-ru=\"\/ru\/kontakt\/\"\n       data-de=\"\ud83d\udc49 Jetzt Kontakt aufnehmen\" data-ru=\"\ud83d\udc49 \u0421\u0432\u044f\u0437\u0430\u0442\u044c\u0441\u044f \u0441\u0435\u0439\u0447\u0430\u0441\"\n       href=\"\/de\/kontakt\/\">\ud83d\udc49 Jetzt Kontakt aufnehmen<\/a>\n  <\/section>\n<\/section>\n\n<!-- ========= Styles ========= -->\n<style>\n.legal-wrap{max-width:1100px;margin:0 auto;padding:20px 14px}\n.legal-hero{text-align:center;margin-bottom:24px}\n.legal-hero h1{font-size:32px;margin:0 0 10px;color:#0f172a}\n.legal-hero p{font-size:18px;color:#334155;margin:0}\n\n.legal-grid{\n  display:grid;\n  grid-template-columns:repeat(auto-fit,minmax(240px,1fr));\n  gap:18px;\n  margin:26px 0;\n}\n.legal-card{\n  display:block;\n  background:#fff7fb;\n  border:1px solid #ffd3e8;\n  border-radius:18px;\n  padding:20px;\n  text-decoration:none;\n  color:#1a1a1a;\n  box-shadow:0 4px 14px rgba(233,30,99,.08);\n  transition:transform .18s ease, box-shadow .18s ease;\n}\n.legal-card:hover{\n  transform:translateY(-3px);\n  box-shadow:0 10px 24px rgba(233,30,99,.16);\n}\n.legal-title{font-size:18px;font-weight:800;margin:0 0 8px}\n.legal-desc{font-size:14px;margin:0;color:#444}\n\n\/* Keyfacts *\/\n.legal-note{\n  margin:12px 0 6px; padding:14px;\n  background:#fff; border:1px solid #eaeaea; border-radius:14px;\n  box-shadow:0 8px 22px rgba(0,0,0,.06);\n}\n.keyfacts{list-style:none;margin:0;padding:0;display:grid;gap:12px}\n.keyfacts li{padding:12px;border:1px solid #f5d0e1;border-radius:12px;background:#fff8fb}\n.keyfacts a{color:#e91e63;text-decoration:none}\n.keyfacts a:hover{text-decoration:underline}\n\n\/* CTA *\/\n.legal-cta{text-align:center;margin:28px 0}\n.legal-cta h2{margin:0 0 10px;font-size:24px}\n.legal-cta p{margin:0 0 16px;color:#444}\n.legal-btn{\n  display:inline-block; padding:12px 20px; border-radius:999px;\n  background:linear-gradient(135deg,#e91e63,#a31244); color:#fff; font-weight:800;\n  text-decoration:none; box-shadow:0 8px 20px rgba(233,30,99,.22);\n  transition:transform .18s ease, filter .18s ease;\n}\n.legal-btn:hover{filter:brightness(1.05);transform:translateY(-2px)}\n\n@media(max-width:700px){\n  .legal-hero h1{font-size:26px}\n  .legal-hero p{font-size:16px}\n}\n<\/style>\n\n<!-- ========= Script: Texte\/Links Auto (DE\/RU) ========= -->\n<script>\n(function(){\n  var seg=(location.pathname.split('\/').filter(Boolean)[0]||'').toLowerCase();\n  var lang=(seg==='ru')?'ru':'de';\n\n  \/\/ Texte (h1, p, Buttons)\n  document.querySelectorAll('[data-de][data-ru]').forEach(function(el){\n    var t = el.getAttribute('data-'+lang);\n    if(t) el.textContent = t;\n  });\n\n  \/\/ Links (Cards + CTA)\n  document.querySelectorAll('[data-href-de]').forEach(function(a){\n    var href=a.getAttribute('data-href-'+lang);\n    if(href) a.setAttribute('href', href);\n  });\n})();\n<\/script>\t\t\t\t<\/div>\n\t\t\t\t\t<\/div>\n\t\t\t\t<\/div>\n\t\t\t\t<\/div>\n\t\t","protected":false},"excerpt":{"rendered":"<p>Rechtliches \u2013 Transparenz &#038; Vertrauen Hier findest du alle rechtlich relevanten Informationen: Impressum, AGB, Datenschutzerkl\u00e4rung, Cookie-Hinweise und Kontakt. F\u00fcr Klarheit, Sicherheit und Vertrauen. Start Rechtliches Impressum Verantwortliche Angaben &#038; Kontakt zur Betreiberin dieser Website. AGB Allgemeine Gesch\u00e4ftsbedingungen f\u00fcr Transparenz und Fairness. Datenschutzerkl\u00e4rung Wie wir mit deinen Daten umgehen: klar, sicher und DSGVO-konform. Cookie-Hinweise Welche Cookies [&hellip;]<\/p>\n","protected":false},"author":1,"featured_media":0,"parent":0,"menu_order":0,"comment_status":"closed","ping_status":"closed","template":"","meta":{"site-sidebar-layout":"no-sidebar","site-content-layout":"page-builder","ast-site-content-layout":"full-width-container","site-content-style":"default","site-sidebar-style":"default","ast-global-header-display":"","ast-banner-title-visibility":"","ast-main-header-display":"","ast-hfb-above-header-display":"","ast-hfb-below-header-display":"","ast-hfb-mobile-header-display":"","site-post-title":"","ast-breadcrumbs-content":"","ast-featured-img":"disabled","footer-sml-layout":"","ast-disable-related-posts":"","theme-transparent-header-meta":"","adv-header-id-meta":"","stick-header-meta":"","header-above-stick-meta":"","header-main-stick-meta":"","header-below-stick-meta":"","astra-migrate-meta-layouts":"set","ast-page-background-enabled":"default","ast-page-background-meta":{"desktop":{"background-color":"","background-image":"","background-repeat":"repeat","background-position":"center center","background-size":"auto","background-attachment":"scroll","background-type":"","background-media":"","overlay-type":"","overlay-color":"","overlay-opacity":"","overlay-gradient":""},"tablet":{"background-color":"","background-image":"","background-repeat":"repeat","background-position":"center center","background-size":"auto","background-attachment":"scroll","background-type":"","background-media":"","overlay-type":"","overlay-color":"","overlay-opacity":"","overlay-gradient":""},"mobile":{"background-color":"","background-image":"","background-repeat":"repeat","background-position":"center center","background-size":"auto","background-attachment":"scroll","background-type":"","background-media":"","overlay-type":"","overlay-color":"","overlay-opacity":"","overlay-gradient":""}},"ast-content-background-meta":{"desktop":{"background-color":"var(--ast-global-color-5)","background-image":"","background-repeat":"repeat","background-position":"center center","background-size":"auto","background-attachment":"scroll","background-type":"","background-media":"","overlay-type":"","overlay-color":"","overlay-opacity":"","overlay-gradient":""},"tablet":{"background-color":"var(--ast-global-color-5)","background-image":"","background-repeat":"repeat","background-position":"center center","background-size":"auto","background-attachment":"scroll","background-type":"","background-media":"","overlay-type":"","overlay-color":"","overlay-opacity":"","overlay-gradient":""},"mobile":{"background-color":"var(--ast-global-color-5)","background-image":"","background-repeat":"repeat","background-position":"center center","background-size":"auto","background-attachment":"scroll","background-type":"","background-media":"","overlay-type":"","overlay-color":"","overlay-opacity":"","overlay-gradient":""}},"footnotes":""},"class_list":["post-1899","page","type-page","status-publish","hentry"],"_links":{"self":[{"href":"https:\/\/lilia-lb.com\/de\/wp-json\/wp\/v2\/pages\/1899","targetHints":{"allow":["GET"]}}],"collection":[{"href":"https:\/\/lilia-lb.com\/de\/wp-json\/wp\/v2\/pages"}],"about":[{"href":"https:\/\/lilia-lb.com\/de\/wp-json\/wp\/v2\/types\/page"}],"author":[{"embeddable":true,"href":"https:\/\/lilia-lb.com\/de\/wp-json\/wp\/v2\/users\/1"}],"replies":[{"embeddable":true,"href":"https:\/\/lilia-lb.com\/de\/wp-json\/wp\/v2\/comments?post=1899"}],"version-history":[{"count":16,"href":"https:\/\/lilia-lb.com\/de\/wp-json\/wp\/v2\/pages\/1899\/revisions"}],"predecessor-version":[{"id":4506,"href":"https:\/\/lilia-lb.com\/de\/wp-json\/wp\/v2\/pages\/1899\/revisions\/4506"}],"wp:attachment":[{"href":"https:\/\/lilia-lb.com\/de\/wp-json\/wp\/v2\/media?parent=1899"}],"curies":[{"name":"wp","href":"https:\/\/api.w.org\/{rel}","templated":true}]}}